{"id":37,"date":"2023-08-11T19:48:06","date_gmt":"2023-08-11T17:48:06","guid":{"rendered":"https:\/\/campuscasson.fr\/?page_id=37"},"modified":"2025-09-16T11:43:32","modified_gmt":"2025-09-16T09:43:32","slug":"programmation-de-la-5eme-edition","status":"publish","type":"page","link":"https:\/\/campuscasson.fr\/?page_id=37","title":{"rendered":"\u00c9dition 2024"},"content":{"rendered":"\t\t<div data-elementor-type=\"wp-page\" data-elementor-id=\"37\" class=\"elementor elementor-37\">\n\t\t\t\t\t\t<section class=\"elementor-section elementor-top-section elementor-element elementor-element-11d0de99 elementor-section-height-full elementor-section-stretched elementor-section-boxed elementor-section-height-default elementor-section-items-middle\" data-id=\"11d0de99\" data-element_type=\"section\" data-e-type=\"section\" data-settings=\"{&quot;stretch_section&quot;:&quot;section-stretched&quot;,&quot;background_background&quot;:&quot;classic&quot;}\">\n\t\t\t\t\t\t\t<div class=\"elementor-background-overlay\"><\/div>\n\t\t\t\t\t\t\t<div class=\"elementor-container elementor-column-gap-default\">\n\t\t\t\t\t<div class=\"elementor-column elementor-col-100 elementor-top-column elementor-element elementor-element-6e3517b9\" data-id=\"6e3517b9\" data-element_type=\"column\" data-e-type=\"column\">\n\t\t\t<div class=\"elementor-widget-wrap elementor-element-populated\">\n\t\t\t\t\t\t<div class=\"elementor-element elementor-element-23b1862a elementor-absolute elementor-widget elementor-widget-heading\" data-id=\"23b1862a\" data-element_type=\"widget\" data-e-type=\"widget\" data-settings=\"{&quot;_position&quot;:&quot;absolute&quot;}\" data-widget_type=\"heading.default\">\n\t\t\t\t<div class=\"elementor-widget-container\">\n\t\t\t\t\t<h2 class=\"elementor-heading-title elementor-size-default\">\u00c9dition 2024<\/h2>\t\t\t\t<\/div>\n\t\t\t\t<\/div>\n\t\t\t\t\t<\/div>\n\t\t<\/div>\n\t\t\t\t\t<\/div>\n\t\t<\/section>\n\t\t\t\t<section class=\"elementor-section elementor-top-section elementor-element elementor-element-a789104 elementor-section-stretched elementor-section-boxed elementor-section-height-default elementor-section-height-default\" data-id=\"a789104\" data-element_type=\"section\" data-e-type=\"section\" data-settings=\"{&quot;stretch_section&quot;:&quot;section-stretched&quot;,&quot;background_background&quot;:&quot;classic&quot;}\">\n\t\t\t\t\t\t<div class=\"elementor-container elementor-column-gap-default\">\n\t\t\t\t\t<div class=\"elementor-column elementor-col-100 elementor-top-column elementor-element elementor-element-cf897e4\" data-id=\"cf897e4\" data-element_type=\"column\" data-e-type=\"column\">\n\t\t\t<div class=\"elementor-widget-wrap elementor-element-populated\">\n\t\t\t\t\t\t<div class=\"elementor-element elementor-element-18b2844 elementor-widget-divider--view-line_icon elementor-view-default elementor-widget-divider--element-align-center elementor-widget elementor-widget-divider\" data-id=\"18b2844\" data-element_type=\"widget\" data-e-type=\"widget\" data-widget_type=\"divider.default\">\n\t\t\t\t<div class=\"elementor-widget-container\">\n\t\t\t\t\t\t\t<div class=\"elementor-divider\">\n\t\t\t<span class=\"elementor-divider-separator\">\n\t\t\t\t\t\t\t<div class=\"elementor-icon elementor-divider__element\">\n\t\t\t\t\t<i aria-hidden=\"true\" class=\"eci  fontello-99b60767-version_pva-d\u00e9tour\u00e9_1_\"><\/i><\/div>\n\t\t\t\t\t\t<\/span>\n\t\t<\/div>\n\t\t\t\t\t\t<\/div>\n\t\t\t\t<\/div>\n\t\t\t\t\t<\/div>\n\t\t<\/div>\n\t\t\t\t\t<\/div>\n\t\t<\/section>\n\t\t\t\t<section class=\"elementor-section elementor-top-section elementor-element elementor-element-3d06406 elementor-section-stretched elementor-section-boxed elementor-section-height-default elementor-section-height-default\" data-id=\"3d06406\" data-element_type=\"section\" data-e-type=\"section\" data-settings=\"{&quot;stretch_section&quot;:&quot;section-stretched&quot;,&quot;background_background&quot;:&quot;classic&quot;}\">\n\t\t\t\t\t\t<div class=\"elementor-container elementor-column-gap-default\">\n\t\t\t\t\t<div class=\"elementor-column elementor-col-25 elementor-top-column elementor-element elementor-element-610f5fa\" data-id=\"610f5fa\" data-element_type=\"column\" data-e-type=\"column\">\n\t\t\t<div class=\"elementor-widget-wrap elementor-element-populated\">\n\t\t\t\t\t\t<div class=\"elementor-element elementor-element-bc9c79b elementor-widget elementor-widget-heading\" data-id=\"bc9c79b\" data-element_type=\"widget\" data-e-type=\"widget\" data-widget_type=\"heading.default\">\n\t\t\t\t<div class=\"elementor-widget-container\">\n\t\t\t\t\t<h2 class=\"elementor-heading-title elementor-size-default\">MERCREDI 8 MAI<\/h2>\t\t\t\t<\/div>\n\t\t\t\t<\/div>\n\t\t\t\t<div class=\"elementor-element elementor-element-184746d elementor-widget elementor-widget-image\" data-id=\"184746d\" data-element_type=\"widget\" data-e-type=\"widget\" data-widget_type=\"image.default\">\n\t\t\t\t<div class=\"elementor-widget-container\">\n\t\t\t\t\t\t\t\t\t\t\t\t\t\t\t\t<a href=\"https:\/\/campuscasson.fr\/?page_id=2015\">\n\t\t\t\t\t\t\t<img fetchpriority=\"high\" decoding=\"async\" width=\"726\" height=\"1024\" src=\"https:\/\/campuscasson.fr\/wp-content\/uploads\/2024\/04\/1-e1713351221956-726x1024.png\" class=\"attachment-large size-large wp-image-2018\" alt=\"\" srcset=\"https:\/\/campuscasson.fr\/wp-content\/uploads\/2024\/04\/1-e1713351221956-726x1024.png 726w, https:\/\/campuscasson.fr\/wp-content\/uploads\/2024\/04\/1-e1713351221956-213x300.png 213w, https:\/\/campuscasson.fr\/wp-content\/uploads\/2024\/04\/1-e1713351221956-768x1083.png 768w, https:\/\/campuscasson.fr\/wp-content\/uploads\/2024\/04\/1-e1713351221956-1089x1536.png 1089w, https:\/\/campuscasson.fr\/wp-content\/uploads\/2024\/04\/1-e1713351221956-600x846.png 600w, https:\/\/campuscasson.fr\/wp-content\/uploads\/2024\/04\/1-e1713351221956.png 1413w\" sizes=\"(max-width: 726px) 100vw, 726px\" \/>\t\t\t\t\t\t\t\t<\/a>\n\t\t\t\t\t\t\t\t\t\t\t\t\t\t\t<\/div>\n\t\t\t\t<\/div>\n\t\t\t\t<div class=\"elementor-element elementor-element-960b5b0 elementor-align-center elementor-widget elementor-widget-button\" data-id=\"960b5b0\" data-element_type=\"widget\" data-e-type=\"widget\" data-widget_type=\"button.default\">\n\t\t\t\t<div class=\"elementor-widget-container\">\n\t\t\t\t\t\t\t\t\t<div class=\"elementor-button-wrapper\">\n\t\t\t\t\t<a class=\"elementor-button elementor-button-link elementor-size-sm elementor-animation-grow\" href=\"https:\/\/campuscasson.fr\/?page_id=2015\">\n\t\t\t\t\t\t<span class=\"elementor-button-content-wrapper\">\n\t\t\t\t\t\t\t\t\t<span class=\"elementor-button-text\">Retour en images<\/span>\n\t\t\t\t\t<\/span>\n\t\t\t\t\t<\/a>\n\t\t\t\t<\/div>\n\t\t\t\t\t\t\t\t<\/div>\n\t\t\t\t<\/div>\n\t\t\t\t\t<\/div>\n\t\t<\/div>\n\t\t\t\t<div class=\"elementor-column elementor-col-25 elementor-top-column elementor-element elementor-element-1e350cb\" data-id=\"1e350cb\" data-element_type=\"column\" data-e-type=\"column\">\n\t\t\t<div class=\"elementor-widget-wrap elementor-element-populated\">\n\t\t\t\t\t\t<div class=\"elementor-element elementor-element-3d6674a elementor-widget elementor-widget-heading\" data-id=\"3d6674a\" data-element_type=\"widget\" data-e-type=\"widget\" data-widget_type=\"heading.default\">\n\t\t\t\t<div class=\"elementor-widget-container\">\n\t\t\t\t\t<h2 class=\"elementor-heading-title elementor-size-default\">JEUDI 9 MAI<\/h2>\t\t\t\t<\/div>\n\t\t\t\t<\/div>\n\t\t\t\t<div class=\"elementor-element elementor-element-cee7433 elementor-widget elementor-widget-image\" data-id=\"cee7433\" data-element_type=\"widget\" data-e-type=\"widget\" data-widget_type=\"image.default\">\n\t\t\t\t<div class=\"elementor-widget-container\">\n\t\t\t\t\t\t\t\t\t\t\t\t\t\t\t\t<a href=\"https:\/\/campuscasson.fr\/?page_id=2032\">\n\t\t\t\t\t\t\t<img decoding=\"async\" width=\"727\" height=\"1024\" src=\"https:\/\/campuscasson.fr\/wp-content\/uploads\/2024\/04\/2-e1713351417366-727x1024.png\" class=\"attachment-large size-large wp-image-2020\" alt=\"\" srcset=\"https:\/\/campuscasson.fr\/wp-content\/uploads\/2024\/04\/2-e1713351417366-727x1024.png 727w, https:\/\/campuscasson.fr\/wp-content\/uploads\/2024\/04\/2-e1713351417366-213x300.png 213w, https:\/\/campuscasson.fr\/wp-content\/uploads\/2024\/04\/2-e1713351417366-768x1082.png 768w, https:\/\/campuscasson.fr\/wp-content\/uploads\/2024\/04\/2-e1713351417366-1091x1536.png 1091w, https:\/\/campuscasson.fr\/wp-content\/uploads\/2024\/04\/2-e1713351417366-600x845.png 600w, https:\/\/campuscasson.fr\/wp-content\/uploads\/2024\/04\/2-e1713351417366.png 1413w\" sizes=\"(max-width: 727px) 100vw, 727px\" \/>\t\t\t\t\t\t\t\t<\/a>\n\t\t\t\t\t\t\t\t\t\t\t\t\t\t\t<\/div>\n\t\t\t\t<\/div>\n\t\t\t\t<div class=\"elementor-element elementor-element-1aa2c68 elementor-align-center elementor-widget elementor-widget-button\" data-id=\"1aa2c68\" data-element_type=\"widget\" data-e-type=\"widget\" data-widget_type=\"button.default\">\n\t\t\t\t<div class=\"elementor-widget-container\">\n\t\t\t\t\t\t\t\t\t<div class=\"elementor-button-wrapper\">\n\t\t\t\t\t<a class=\"elementor-button elementor-button-link elementor-size-sm elementor-animation-grow\" href=\"https:\/\/campuscasson.fr\/?page_id=2032\">\n\t\t\t\t\t\t<span class=\"elementor-button-content-wrapper\">\n\t\t\t\t\t\t\t\t\t<span class=\"elementor-button-text\">Retour en images<\/span>\n\t\t\t\t\t<\/span>\n\t\t\t\t\t<\/a>\n\t\t\t\t<\/div>\n\t\t\t\t\t\t\t\t<\/div>\n\t\t\t\t<\/div>\n\t\t\t\t\t<\/div>\n\t\t<\/div>\n\t\t\t\t<div class=\"elementor-column elementor-col-25 elementor-top-column elementor-element elementor-element-2afcf01\" data-id=\"2afcf01\" data-element_type=\"column\" data-e-type=\"column\">\n\t\t\t<div class=\"elementor-widget-wrap elementor-element-populated\">\n\t\t\t\t\t\t<div class=\"elementor-element elementor-element-48ae82f elementor-widget elementor-widget-heading\" data-id=\"48ae82f\" data-element_type=\"widget\" data-e-type=\"widget\" data-widget_type=\"heading.default\">\n\t\t\t\t<div class=\"elementor-widget-container\">\n\t\t\t\t\t<h2 class=\"elementor-heading-title elementor-size-default\">VENDREDI 10 MAI<\/h2>\t\t\t\t<\/div>\n\t\t\t\t<\/div>\n\t\t\t\t<div class=\"elementor-element elementor-element-42714e0 elementor-widget elementor-widget-image\" data-id=\"42714e0\" data-element_type=\"widget\" data-e-type=\"widget\" data-widget_type=\"image.default\">\n\t\t\t\t<div class=\"elementor-widget-container\">\n\t\t\t\t\t\t\t\t\t\t\t\t\t\t\t\t<a href=\"https:\/\/campuscasson.fr\/?page_id=2046\">\n\t\t\t\t\t\t\t<img decoding=\"async\" width=\"726\" height=\"1024\" src=\"https:\/\/campuscasson.fr\/wp-content\/uploads\/2024\/04\/3-e1713351590117-726x1024.png\" class=\"attachment-large size-large wp-image-2021\" alt=\"\" srcset=\"https:\/\/campuscasson.fr\/wp-content\/uploads\/2024\/04\/3-e1713351590117-726x1024.png 726w, https:\/\/campuscasson.fr\/wp-content\/uploads\/2024\/04\/3-e1713351590117-213x300.png 213w, https:\/\/campuscasson.fr\/wp-content\/uploads\/2024\/04\/3-e1713351590117-768x1083.png 768w, https:\/\/campuscasson.fr\/wp-content\/uploads\/2024\/04\/3-e1713351590117-1089x1536.png 1089w, https:\/\/campuscasson.fr\/wp-content\/uploads\/2024\/04\/3-e1713351590117-600x846.png 600w, https:\/\/campuscasson.fr\/wp-content\/uploads\/2024\/04\/3-e1713351590117.png 1413w\" sizes=\"(max-width: 726px) 100vw, 726px\" \/>\t\t\t\t\t\t\t\t<\/a>\n\t\t\t\t\t\t\t\t\t\t\t\t\t\t\t<\/div>\n\t\t\t\t<\/div>\n\t\t\t\t<div class=\"elementor-element elementor-element-86a5f8d elementor-align-center elementor-widget elementor-widget-button\" data-id=\"86a5f8d\" data-element_type=\"widget\" data-e-type=\"widget\" data-widget_type=\"button.default\">\n\t\t\t\t<div class=\"elementor-widget-container\">\n\t\t\t\t\t\t\t\t\t<div class=\"elementor-button-wrapper\">\n\t\t\t\t\t<a class=\"elementor-button elementor-button-link elementor-size-sm elementor-animation-grow\" href=\"https:\/\/campuscasson.fr\/?page_id=2046\">\n\t\t\t\t\t\t<span class=\"elementor-button-content-wrapper\">\n\t\t\t\t\t\t\t\t\t<span class=\"elementor-button-text\">Retour en images<\/span>\n\t\t\t\t\t<\/span>\n\t\t\t\t\t<\/a>\n\t\t\t\t<\/div>\n\t\t\t\t\t\t\t\t<\/div>\n\t\t\t\t<\/div>\n\t\t\t\t\t<\/div>\n\t\t<\/div>\n\t\t\t\t<div class=\"elementor-column elementor-col-25 elementor-top-column elementor-element elementor-element-54dc9c2\" data-id=\"54dc9c2\" data-element_type=\"column\" data-e-type=\"column\">\n\t\t\t<div class=\"elementor-widget-wrap elementor-element-populated\">\n\t\t\t\t\t\t<div class=\"elementor-element elementor-element-60ea8e0 elementor-widget elementor-widget-heading\" data-id=\"60ea8e0\" data-element_type=\"widget\" data-e-type=\"widget\" data-widget_type=\"heading.default\">\n\t\t\t\t<div class=\"elementor-widget-container\">\n\t\t\t\t\t<h2 class=\"elementor-heading-title elementor-size-default\">SAMEDI 11 MAI<\/h2>\t\t\t\t<\/div>\n\t\t\t\t<\/div>\n\t\t\t\t<div class=\"elementor-element elementor-element-5caf4ad elementor-widget elementor-widget-image\" data-id=\"5caf4ad\" data-element_type=\"widget\" data-e-type=\"widget\" data-widget_type=\"image.default\">\n\t\t\t\t<div class=\"elementor-widget-container\">\n\t\t\t\t\t\t\t\t\t\t\t\t\t\t\t\t<a href=\"https:\/\/campuscasson.fr\/?page_id=2055\">\n\t\t\t\t\t\t\t<img loading=\"lazy\" decoding=\"async\" width=\"725\" height=\"1024\" src=\"https:\/\/campuscasson.fr\/wp-content\/uploads\/2024\/04\/4-e1713351953432-725x1024.png\" class=\"attachment-large size-large wp-image-2022\" alt=\"\" srcset=\"https:\/\/campuscasson.fr\/wp-content\/uploads\/2024\/04\/4-e1713351953432-725x1024.png 725w, https:\/\/campuscasson.fr\/wp-content\/uploads\/2024\/04\/4-e1713351953432-212x300.png 212w, https:\/\/campuscasson.fr\/wp-content\/uploads\/2024\/04\/4-e1713351953432-768x1085.png 768w, https:\/\/campuscasson.fr\/wp-content\/uploads\/2024\/04\/4-e1713351953432-1087x1536.png 1087w, https:\/\/campuscasson.fr\/wp-content\/uploads\/2024\/04\/4-e1713351953432-600x848.png 600w, https:\/\/campuscasson.fr\/wp-content\/uploads\/2024\/04\/4-e1713351953432.png 1406w\" sizes=\"(max-width: 725px) 100vw, 725px\" \/>\t\t\t\t\t\t\t\t<\/a>\n\t\t\t\t\t\t\t\t\t\t\t\t\t\t\t<\/div>\n\t\t\t\t<\/div>\n\t\t\t\t<div class=\"elementor-element elementor-element-1f6fe39 elementor-align-center elementor-widget elementor-widget-button\" data-id=\"1f6fe39\" data-element_type=\"widget\" data-e-type=\"widget\" data-widget_type=\"button.default\">\n\t\t\t\t<div class=\"elementor-widget-container\">\n\t\t\t\t\t\t\t\t\t<div class=\"elementor-button-wrapper\">\n\t\t\t\t\t<a class=\"elementor-button elementor-button-link elementor-size-sm elementor-animation-grow\" href=\"https:\/\/campuscasson.fr\/?page_id=2055\">\n\t\t\t\t\t\t<span class=\"elementor-button-content-wrapper\">\n\t\t\t\t\t\t\t\t\t<span class=\"elementor-button-text\">Retour en images<\/span>\n\t\t\t\t\t<\/span>\n\t\t\t\t\t<\/a>\n\t\t\t\t<\/div>\n\t\t\t\t\t\t\t\t<\/div>\n\t\t\t\t<\/div>\n\t\t\t\t\t<\/div>\n\t\t<\/div>\n\t\t\t\t\t<\/div>\n\t\t<\/section>\n\t\t\t\t<\/div>\n\t\t","protected":false},"excerpt":{"rendered":"<p>\u00c9dition 2024 MERCREDI 8 MAI Retour en images JEUDI 9 MAI Retour en images VENDREDI 10 MAI Retour en images SAMEDI 11 MAI Retour en images<\/p>\n","protected":false},"author":1,"featured_media":0,"parent":0,"menu_order":0,"comment_status":"closed","ping_status":"closed","template":"","meta":{"om_disable_all_campaigns":false,"ocean_post_layout":"","ocean_both_sidebars_style":"","ocean_both_sidebars_content_width":0,"ocean_both_sidebars_sidebars_width":0,"ocean_sidebar":"0","ocean_second_sidebar":"0","ocean_disable_margins":"enable","ocean_add_body_class":"","ocean_shortcode_before_top_bar":"","ocean_shortcode_after_top_bar":"","ocean_shortcode_before_header":"","ocean_shortcode_after_header":"","ocean_has_shortcode":"","ocean_shortcode_after_title":"","ocean_shortcode_before_footer_widgets":"","ocean_shortcode_after_footer_widgets":"","ocean_shortcode_before_footer_bottom":"","ocean_shortcode_after_footer_bottom":"","ocean_display_top_bar":"default","ocean_display_header":"default","ocean_header_style":"","ocean_center_header_left_menu":"0","ocean_custom_header_template":"0","ocean_custom_logo":0,"ocean_custom_retina_logo":0,"ocean_custom_logo_max_width":0,"ocean_custom_logo_tablet_max_width":0,"ocean_custom_logo_mobile_max_width":0,"ocean_custom_logo_max_height":0,"ocean_custom_logo_tablet_max_height":0,"ocean_custom_logo_mobile_max_height":0,"ocean_header_custom_menu":"0","ocean_menu_typo_font_family":"0","ocean_menu_typo_font_subset":"","ocean_menu_typo_font_size":0,"ocean_menu_typo_font_size_tablet":0,"ocean_menu_typo_font_size_mobile":0,"ocean_menu_typo_font_size_unit":"px","ocean_menu_typo_font_weight":"","ocean_menu_typo_font_weight_tablet":"","ocean_menu_typo_font_weight_mobile":"","ocean_menu_typo_transform":"","ocean_menu_typo_transform_tablet":"","ocean_menu_typo_transform_mobile":"","ocean_menu_typo_line_height":0,"ocean_menu_typo_line_height_tablet":0,"ocean_menu_typo_line_height_mobile":0,"ocean_menu_typo_line_height_unit":"","ocean_menu_typo_spacing":0,"ocean_menu_typo_spacing_tablet":0,"ocean_menu_typo_spacing_mobile":0,"ocean_menu_typo_spacing_unit":"","ocean_menu_link_color":"","ocean_menu_link_color_hover":"","ocean_menu_link_color_active":"","ocean_menu_link_background":"","ocean_menu_link_hover_background":"","ocean_menu_link_active_background":"","ocean_menu_social_links_bg":"","ocean_menu_social_hover_links_bg":"","ocean_menu_social_links_color":"","ocean_menu_social_hover_links_color":"","ocean_disable_title":"default","ocean_disable_heading":"default","ocean_post_title":"","ocean_post_subheading":"","ocean_post_title_style":"","ocean_post_title_background_color":"","ocean_post_title_background":0,"ocean_post_title_bg_image_position":"","ocean_post_title_bg_image_attachment":"","ocean_post_title_bg_image_repeat":"","ocean_post_title_bg_image_size":"","ocean_post_title_height":0,"ocean_post_title_bg_overlay":0.5,"ocean_post_title_bg_overlay_color":"","ocean_disable_breadcrumbs":"default","ocean_breadcrumbs_color":"","ocean_breadcrumbs_separator_color":"","ocean_breadcrumbs_links_color":"","ocean_breadcrumbs_links_hover_color":"","ocean_display_footer_widgets":"default","ocean_display_footer_bottom":"default","ocean_custom_footer_template":"0","footnotes":""},"class_list":["post-37","page","type-page","status-publish","hentry","entry"],"yoast_head":"<!-- This site is optimized with the Yoast SEO plugin v27.6 - https:\/\/yoast.com\/product\/yoast-seo-wordpress\/ -->\n<title>\u00c9dition 2024 - campuscasson.fr<\/title>\n<meta name=\"description\" content=\"Retrouvez les moments forts d la programmation de la 5\u00e8me \u00e9dition du Camp US, qui s&#039;est d\u00e9rouler \u00e0 Casson les 8, 9, 10 et 11 mai 2024.\" \/>\n<meta name=\"robots\" content=\"index, follow, max-snippet:-1, max-image-preview:large, max-video-preview:-1\" \/>\n<link rel=\"canonical\" href=\"https:\/\/campuscasson.fr\/?page_id=37\" \/>\n<meta property=\"og:locale\" content=\"fr_FR\" \/>\n<meta property=\"og:type\" content=\"article\" \/>\n<meta property=\"og:title\" content=\"\u00c9dition 2024 - campuscasson.fr\" \/>\n<meta property=\"og:description\" content=\"Retrouvez les moments forts d la programmation de la 5\u00e8me \u00e9dition du Camp US, qui s&#039;est d\u00e9rouler \u00e0 Casson les 8, 9, 10 et 11 mai 2024.\" \/>\n<meta property=\"og:url\" content=\"https:\/\/campuscasson.fr\/?page_id=37\" \/>\n<meta property=\"og:site_name\" content=\"campuscasson.fr\" \/>\n<meta property=\"article:modified_time\" content=\"2025-09-16T09:43:32+00:00\" \/>\n<meta property=\"og:image\" content=\"http:\/\/campuscasson.fr\/wp-content\/uploads\/2024\/04\/1-e1713351221956-726x1024.png\" \/>\n<meta name=\"twitter:card\" content=\"summary_large_image\" \/>\n<meta name=\"twitter:label1\" content=\"Dur\u00e9e de lecture estim\u00e9e\" \/>\n\t<meta name=\"twitter:data1\" content=\"1 minute\" \/>\n<script type=\"application\/ld+json\" class=\"yoast-schema-graph\">{\"@context\":\"https:\\\/\\\/schema.org\",\"@graph\":[{\"@type\":\"WebPage\",\"@id\":\"https:\\\/\\\/campuscasson.fr\\\/?page_id=37\",\"url\":\"https:\\\/\\\/campuscasson.fr\\\/?page_id=37\",\"name\":\"\u00c9dition 2024 - campuscasson.fr\",\"isPartOf\":{\"@id\":\"https:\\\/\\\/campuscasson.fr\\\/#website\"},\"primaryImageOfPage\":{\"@id\":\"https:\\\/\\\/campuscasson.fr\\\/?page_id=37#primaryimage\"},\"image\":{\"@id\":\"https:\\\/\\\/campuscasson.fr\\\/?page_id=37#primaryimage\"},\"thumbnailUrl\":\"http:\\\/\\\/campuscasson.fr\\\/wp-content\\\/uploads\\\/2024\\\/04\\\/1-e1713351221956-726x1024.png\",\"datePublished\":\"2023-08-11T17:48:06+00:00\",\"dateModified\":\"2025-09-16T09:43:32+00:00\",\"description\":\"Retrouvez les moments forts d la programmation de la 5\u00e8me \u00e9dition du Camp US, qui s'est d\u00e9rouler \u00e0 Casson les 8, 9, 10 et 11 mai 2024.\",\"breadcrumb\":{\"@id\":\"https:\\\/\\\/campuscasson.fr\\\/?page_id=37#breadcrumb\"},\"inLanguage\":\"fr-FR\",\"potentialAction\":[{\"@type\":\"ReadAction\",\"target\":[\"https:\\\/\\\/campuscasson.fr\\\/?page_id=37\"]}]},{\"@type\":\"ImageObject\",\"inLanguage\":\"fr-FR\",\"@id\":\"https:\\\/\\\/campuscasson.fr\\\/?page_id=37#primaryimage\",\"url\":\"http:\\\/\\\/campuscasson.fr\\\/wp-content\\\/uploads\\\/2024\\\/04\\\/1-e1713351221956-726x1024.png\",\"contentUrl\":\"http:\\\/\\\/campuscasson.fr\\\/wp-content\\\/uploads\\\/2024\\\/04\\\/1-e1713351221956-726x1024.png\"},{\"@type\":\"BreadcrumbList\",\"@id\":\"https:\\\/\\\/campuscasson.fr\\\/?page_id=37#breadcrumb\",\"itemListElement\":[{\"@type\":\"ListItem\",\"position\":1,\"name\":\"Accueil\",\"item\":\"https:\\\/\\\/campuscasson.fr\\\/\"},{\"@type\":\"ListItem\",\"position\":2,\"name\":\"\u00c9dition 2024\"}]},{\"@type\":\"WebSite\",\"@id\":\"https:\\\/\\\/campuscasson.fr\\\/#website\",\"url\":\"https:\\\/\\\/campuscasson.fr\\\/\",\"name\":\"campuscasson.fr\",\"description\":\"| 8&gt; 11 mai 2024\",\"publisher\":{\"@id\":\"https:\\\/\\\/campuscasson.fr\\\/#organization\"},\"potentialAction\":[{\"@type\":\"SearchAction\",\"target\":{\"@type\":\"EntryPoint\",\"urlTemplate\":\"https:\\\/\\\/campuscasson.fr\\\/?s={search_term_string}\"},\"query-input\":{\"@type\":\"PropertyValueSpecification\",\"valueRequired\":true,\"valueName\":\"search_term_string\"}}],\"inLanguage\":\"fr-FR\"},{\"@type\":\"Organization\",\"@id\":\"https:\\\/\\\/campuscasson.fr\\\/#organization\",\"name\":\"campuscasson.fr\",\"url\":\"https:\\\/\\\/campuscasson.fr\\\/\",\"logo\":{\"@type\":\"ImageObject\",\"inLanguage\":\"fr-FR\",\"@id\":\"https:\\\/\\\/campuscasson.fr\\\/#\\\/schema\\\/logo\\\/image\\\/\",\"url\":\"https:\\\/\\\/campuscasson.fr\\\/wp-content\\\/uploads\\\/2023\\\/10\\\/cropped-Version_PVA-Detoure1.png\",\"contentUrl\":\"https:\\\/\\\/campuscasson.fr\\\/wp-content\\\/uploads\\\/2023\\\/10\\\/cropped-Version_PVA-Detoure1.png\",\"width\":408,\"height\":365,\"caption\":\"campuscasson.fr\"},\"image\":{\"@id\":\"https:\\\/\\\/campuscasson.fr\\\/#\\\/schema\\\/logo\\\/image\\\/\"}}]}<\/script>\n<!-- \/ Yoast SEO plugin. -->","yoast_head_json":{"title":"\u00c9dition 2024 - campuscasson.fr","description":"Retrouvez les moments forts d la programmation de la 5\u00e8me \u00e9dition du Camp US, qui s'est d\u00e9rouler \u00e0 Casson les 8, 9, 10 et 11 mai 2024.","robots":{"index":"index","follow":"follow","max-snippet":"max-snippet:-1","max-image-preview":"max-image-preview:large","max-video-preview":"max-video-preview:-1"},"canonical":"https:\/\/campuscasson.fr\/?page_id=37","og_locale":"fr_FR","og_type":"article","og_title":"\u00c9dition 2024 - campuscasson.fr","og_description":"Retrouvez les moments forts d la programmation de la 5\u00e8me \u00e9dition du Camp US, qui s'est d\u00e9rouler \u00e0 Casson les 8, 9, 10 et 11 mai 2024.","og_url":"https:\/\/campuscasson.fr\/?page_id=37","og_site_name":"campuscasson.fr","article_modified_time":"2025-09-16T09:43:32+00:00","og_image":[{"url":"http:\/\/campuscasson.fr\/wp-content\/uploads\/2024\/04\/1-e1713351221956-726x1024.png","type":"","width":"","height":""}],"twitter_card":"summary_large_image","twitter_misc":{"Dur\u00e9e de lecture estim\u00e9e":"1 minute"},"schema":{"@context":"https:\/\/schema.org","@graph":[{"@type":"WebPage","@id":"https:\/\/campuscasson.fr\/?page_id=37","url":"https:\/\/campuscasson.fr\/?page_id=37","name":"\u00c9dition 2024 - campuscasson.fr","isPartOf":{"@id":"https:\/\/campuscasson.fr\/#website"},"primaryImageOfPage":{"@id":"https:\/\/campuscasson.fr\/?page_id=37#primaryimage"},"image":{"@id":"https:\/\/campuscasson.fr\/?page_id=37#primaryimage"},"thumbnailUrl":"http:\/\/campuscasson.fr\/wp-content\/uploads\/2024\/04\/1-e1713351221956-726x1024.png","datePublished":"2023-08-11T17:48:06+00:00","dateModified":"2025-09-16T09:43:32+00:00","description":"Retrouvez les moments forts d la programmation de la 5\u00e8me \u00e9dition du Camp US, qui s'est d\u00e9rouler \u00e0 Casson les 8, 9, 10 et 11 mai 2024.","breadcrumb":{"@id":"https:\/\/campuscasson.fr\/?page_id=37#breadcrumb"},"inLanguage":"fr-FR","potentialAction":[{"@type":"ReadAction","target":["https:\/\/campuscasson.fr\/?page_id=37"]}]},{"@type":"ImageObject","inLanguage":"fr-FR","@id":"https:\/\/campuscasson.fr\/?page_id=37#primaryimage","url":"http:\/\/campuscasson.fr\/wp-content\/uploads\/2024\/04\/1-e1713351221956-726x1024.png","contentUrl":"http:\/\/campuscasson.fr\/wp-content\/uploads\/2024\/04\/1-e1713351221956-726x1024.png"},{"@type":"BreadcrumbList","@id":"https:\/\/campuscasson.fr\/?page_id=37#breadcrumb","itemListElement":[{"@type":"ListItem","position":1,"name":"Accueil","item":"https:\/\/campuscasson.fr\/"},{"@type":"ListItem","position":2,"name":"\u00c9dition 2024"}]},{"@type":"WebSite","@id":"https:\/\/campuscasson.fr\/#website","url":"https:\/\/campuscasson.fr\/","name":"campuscasson.fr","description":"| 8&gt; 11 mai 2024","publisher":{"@id":"https:\/\/campuscasson.fr\/#organization"},"potentialAction":[{"@type":"SearchAction","target":{"@type":"EntryPoint","urlTemplate":"https:\/\/campuscasson.fr\/?s={search_term_string}"},"query-input":{"@type":"PropertyValueSpecification","valueRequired":true,"valueName":"search_term_string"}}],"inLanguage":"fr-FR"},{"@type":"Organization","@id":"https:\/\/campuscasson.fr\/#organization","name":"campuscasson.fr","url":"https:\/\/campuscasson.fr\/","logo":{"@type":"ImageObject","inLanguage":"fr-FR","@id":"https:\/\/campuscasson.fr\/#\/schema\/logo\/image\/","url":"https:\/\/campuscasson.fr\/wp-content\/uploads\/2023\/10\/cropped-Version_PVA-Detoure1.png","contentUrl":"https:\/\/campuscasson.fr\/wp-content\/uploads\/2023\/10\/cropped-Version_PVA-Detoure1.png","width":408,"height":365,"caption":"campuscasson.fr"},"image":{"@id":"https:\/\/campuscasson.fr\/#\/schema\/logo\/image\/"}}]}},"jetpack_sharing_enabled":true,"_links":{"self":[{"href":"https:\/\/campuscasson.fr\/index.php?rest_route=\/wp\/v2\/pages\/37","targetHints":{"allow":["GET"]}}],"collection":[{"href":"https:\/\/campuscasson.fr\/index.php?rest_route=\/wp\/v2\/pages"}],"about":[{"href":"https:\/\/campuscasson.fr\/index.php?rest_route=\/wp\/v2\/types\/page"}],"author":[{"embeddable":true,"href":"https:\/\/campuscasson.fr\/index.php?rest_route=\/wp\/v2\/users\/1"}],"replies":[{"embeddable":true,"href":"https:\/\/campuscasson.fr\/index.php?rest_route=%2Fwp%2Fv2%2Fcomments&post=37"}],"version-history":[{"count":123,"href":"https:\/\/campuscasson.fr\/index.php?rest_route=\/wp\/v2\/pages\/37\/revisions"}],"predecessor-version":[{"id":2704,"href":"https:\/\/campuscasson.fr\/index.php?rest_route=\/wp\/v2\/pages\/37\/revisions\/2704"}],"wp:attachment":[{"href":"https:\/\/campuscasson.fr\/index.php?rest_route=%2Fwp%2Fv2%2Fmedia&parent=37"}],"curies":[{"name":"wp","href":"https:\/\/api.w.org\/{rel}","templated":true}]}}