{"id":2046,"date":"2024-04-17T12:58:52","date_gmt":"2024-04-17T10:58:52","guid":{"rendered":"https:\/\/campuscasson.fr\/?page_id=2046"},"modified":"2025-04-23T12:11:45","modified_gmt":"2025-04-23T10:11:45","slug":"vendredi-10-mai","status":"publish","type":"page","link":"https:\/\/campuscasson.fr\/?page_id=2046","title":{"rendered":"Vendredi 10 Mai"},"content":{"rendered":"\t\t<div data-elementor-type=\"wp-page\" data-elementor-id=\"2046\" class=\"elementor elementor-2046\">\n\t\t\t\t\t\t<section class=\"elementor-section elementor-top-section elementor-element elementor-element-261b49a4 elementor-section-stretched elementor-section-boxed elementor-section-height-default elementor-section-height-default\" data-id=\"261b49a4\" data-element_type=\"section\" data-e-type=\"section\" data-settings=\"{&quot;stretch_section&quot;:&quot;section-stretched&quot;,&quot;background_background&quot;:&quot;classic&quot;}\">\n\t\t\t\t\t\t<div class=\"elementor-container elementor-column-gap-default\">\n\t\t\t\t\t<div class=\"elementor-column elementor-col-25 elementor-top-column elementor-element elementor-element-1a07bf2\" data-id=\"1a07bf2\" data-element_type=\"column\" data-e-type=\"column\">\n\t\t\t<div class=\"elementor-widget-wrap elementor-element-populated\">\n\t\t\t\t\t\t<div class=\"elementor-element elementor-element-289d3059 elementor-view-default elementor-widget elementor-widget-icon\" data-id=\"289d3059\" data-element_type=\"widget\" data-e-type=\"widget\" data-widget_type=\"icon.default\">\n\t\t\t\t<div class=\"elementor-widget-container\">\n\t\t\t\t\t\t\t<div class=\"elementor-icon-wrapper\">\n\t\t\t<div class=\"elementor-icon\">\n\t\t\t<i aria-hidden=\"true\" class=\"eci  fontello-99b60767-version_pva-d\u00e9tour\u00e9_1_\"><\/i>\t\t\t<\/div>\n\t\t<\/div>\n\t\t\t\t\t\t<\/div>\n\t\t\t\t<\/div>\n\t\t\t\t\t<\/div>\n\t\t<\/div>\n\t\t\t\t<div class=\"elementor-column elementor-col-50 elementor-top-column elementor-element elementor-element-2183ffa4\" data-id=\"2183ffa4\" data-element_type=\"column\" data-e-type=\"column\">\n\t\t\t<div class=\"elementor-widget-wrap elementor-element-populated\">\n\t\t\t\t\t\t<div class=\"elementor-element elementor-element-26b1c7ae elementor-widget elementor-widget-heading\" data-id=\"26b1c7ae\" data-element_type=\"widget\" data-e-type=\"widget\" data-widget_type=\"heading.default\">\n\t\t\t\t<div class=\"elementor-widget-container\">\n\t\t\t\t\t<h2 class=\"elementor-heading-title elementor-size-default\">Vendredi 10 Mai<\/h2>\t\t\t\t<\/div>\n\t\t\t\t<\/div>\n\t\t\t\t\t<\/div>\n\t\t<\/div>\n\t\t\t\t<div class=\"elementor-column elementor-col-25 elementor-top-column elementor-element elementor-element-76fb584e\" data-id=\"76fb584e\" data-element_type=\"column\" data-e-type=\"column\">\n\t\t\t<div class=\"elementor-widget-wrap elementor-element-populated\">\n\t\t\t\t\t\t<div class=\"elementor-element elementor-element-7e3b62cd elementor-view-default elementor-widget elementor-widget-icon\" data-id=\"7e3b62cd\" data-element_type=\"widget\" data-e-type=\"widget\" data-widget_type=\"icon.default\">\n\t\t\t\t<div class=\"elementor-widget-container\">\n\t\t\t\t\t\t\t<div class=\"elementor-icon-wrapper\">\n\t\t\t<div class=\"elementor-icon\">\n\t\t\t<i aria-hidden=\"true\" class=\"eci  fontello-99b60767-version_pva-d\u00e9tour\u00e9_1_\"><\/i>\t\t\t<\/div>\n\t\t<\/div>\n\t\t\t\t\t\t<\/div>\n\t\t\t\t<\/div>\n\t\t\t\t\t<\/div>\n\t\t<\/div>\n\t\t\t\t\t<\/div>\n\t\t<\/section>\n\t\t\t\t<section class=\"elementor-section elementor-top-section elementor-element elementor-element-79daec8c elementor-section-stretched elementor-section-boxed elementor-section-height-default elementor-section-height-default\" data-id=\"79daec8c\" data-element_type=\"section\" data-e-type=\"section\" data-settings=\"{&quot;stretch_section&quot;:&quot;section-stretched&quot;,&quot;background_background&quot;:&quot;classic&quot;}\">\n\t\t\t\t\t\t<div class=\"elementor-container elementor-column-gap-default\">\n\t\t\t\t\t<div class=\"elementor-column elementor-col-50 elementor-top-column elementor-element elementor-element-74e1906b\" data-id=\"74e1906b\" data-element_type=\"column\" data-e-type=\"column\">\n\t\t\t<div class=\"elementor-widget-wrap elementor-element-populated\">\n\t\t\t\t\t\t<div class=\"elementor-element elementor-element-28fe7109 elementor-widget elementor-widget-image\" data-id=\"28fe7109\" data-element_type=\"widget\" data-e-type=\"widget\" data-widget_type=\"image.default\">\n\t\t\t\t<div class=\"elementor-widget-container\">\n\t\t\t\t\t\t\t\t\t\t\t\t\t\t\t<img decoding=\"async\" src=\"https:\/\/campuscasson.fr\/wp-content\/plugins\/elementor\/assets\/images\/placeholder.png\" title=\"\" alt=\"\" loading=\"lazy\" \/>\t\t\t\t\t\t\t\t\t\t\t\t\t\t\t<\/div>\n\t\t\t\t<\/div>\n\t\t\t\t\t<\/div>\n\t\t<\/div>\n\t\t\t\t<div class=\"elementor-column elementor-col-50 elementor-top-column elementor-element elementor-element-67d0d133\" data-id=\"67d0d133\" data-element_type=\"column\" data-e-type=\"column\">\n\t\t\t<div class=\"elementor-widget-wrap elementor-element-populated\">\n\t\t\t\t\t\t<div class=\"elementor-element elementor-element-4f97955e elementor-widget elementor-widget-text-editor\" data-id=\"4f97955e\" data-element_type=\"widget\" data-e-type=\"widget\" data-widget_type=\"text-editor.default\">\n\t\t\t\t<div class=\"elementor-widget-container\">\n\t\t\t\t\t\t\t\t\t<p>Cette troisi\u00e8me journ\u00e9e d&rsquo;\u00e9v\u00e9nement a d\u00e9but\u00e9 d\u00e8s 9H avec une balade \u00ab\u00a0off-road\u00a0\u00bb, en dehors des routes en fran\u00e7ais.&nbsp;<\/p><p>Cette balade d&rsquo;un peu plus de 30kms a permis aux collectionneurs de d\u00e9couvrir les chemins cassonnais, \u00e0 bord de leur v\u00e9hicule de collection.&nbsp;<\/p>\t\t\t\t\t\t\t\t<\/div>\n\t\t\t\t<\/div>\n\t\t\t\t\t<\/div>\n\t\t<\/div>\n\t\t\t\t\t<\/div>\n\t\t<\/section>\n\t\t\t\t<section class=\"elementor-section elementor-top-section elementor-element elementor-element-17e00ca1 elementor-section-stretched elementor-section-boxed elementor-section-height-default elementor-section-height-default\" data-id=\"17e00ca1\" data-element_type=\"section\" data-e-type=\"section\" data-settings=\"{&quot;stretch_section&quot;:&quot;section-stretched&quot;,&quot;background_background&quot;:&quot;classic&quot;}\">\n\t\t\t\t\t\t<div class=\"elementor-container elementor-column-gap-default\">\n\t\t\t\t\t<div class=\"elementor-column elementor-col-50 elementor-top-column elementor-element elementor-element-40605cd6\" data-id=\"40605cd6\" data-element_type=\"column\" data-e-type=\"column\">\n\t\t\t<div class=\"elementor-widget-wrap elementor-element-populated\">\n\t\t\t\t\t\t<div class=\"elementor-element elementor-element-12f67728 elementor-widget elementor-widget-text-editor\" data-id=\"12f67728\" data-element_type=\"widget\" data-e-type=\"widget\" data-widget_type=\"text-editor.default\">\n\t\t\t\t<div class=\"elementor-widget-container\">\n\t\t\t\t\t\t\t\t\t<p>Apr\u00e8s cette balade, collectionneurs et visiteurs se sont retrouv\u00e9s sur le site du ch\u00e2teau afin de rendre visite aux producteurs locaux. Ainsi des produits en d\u00e9gustations \u00e9taient propos\u00e9s par la ferme des Verdais, le domaine de la Potardi\u00e8re et Olivier Robin.<\/p>\t\t\t\t\t\t\t\t<\/div>\n\t\t\t\t<\/div>\n\t\t\t\t\t<\/div>\n\t\t<\/div>\n\t\t\t\t<div class=\"elementor-column elementor-col-50 elementor-top-column elementor-element elementor-element-57930447\" data-id=\"57930447\" data-element_type=\"column\" data-e-type=\"column\">\n\t\t\t<div class=\"elementor-widget-wrap elementor-element-populated\">\n\t\t\t\t\t\t<div class=\"elementor-element elementor-element-4f1537fd elementor-widget elementor-widget-image\" data-id=\"4f1537fd\" data-element_type=\"widget\" data-e-type=\"widget\" data-widget_type=\"image.default\">\n\t\t\t\t<div class=\"elementor-widget-container\">\n\t\t\t\t\t\t\t\t\t\t\t\t\t\t\t<img decoding=\"async\" src=\"https:\/\/campuscasson.fr\/wp-content\/plugins\/elementor\/assets\/images\/placeholder.png\" title=\"\" alt=\"\" loading=\"lazy\" \/>\t\t\t\t\t\t\t\t\t\t\t\t\t\t\t<\/div>\n\t\t\t\t<\/div>\n\t\t\t\t\t<\/div>\n\t\t<\/div>\n\t\t\t\t\t<\/div>\n\t\t<\/section>\n\t\t\t\t<section class=\"elementor-section elementor-top-section elementor-element elementor-element-2b64d177 elementor-section-stretched elementor-section-boxed elementor-section-height-default elementor-section-height-default\" data-id=\"2b64d177\" data-element_type=\"section\" data-e-type=\"section\" data-settings=\"{&quot;stretch_section&quot;:&quot;section-stretched&quot;,&quot;background_background&quot;:&quot;classic&quot;}\">\n\t\t\t\t\t\t<div class=\"elementor-container elementor-column-gap-default\">\n\t\t\t\t\t<div class=\"elementor-column elementor-col-50 elementor-top-column elementor-element elementor-element-f4682b5\" data-id=\"f4682b5\" data-element_type=\"column\" data-e-type=\"column\">\n\t\t\t<div class=\"elementor-widget-wrap elementor-element-populated\">\n\t\t\t\t\t\t<div class=\"elementor-element elementor-element-3114d682 elementor-widget elementor-widget-image\" data-id=\"3114d682\" data-element_type=\"widget\" data-e-type=\"widget\" data-widget_type=\"image.default\">\n\t\t\t\t<div class=\"elementor-widget-container\">\n\t\t\t\t\t\t\t\t\t\t\t\t\t\t\t<img decoding=\"async\" src=\"https:\/\/campuscasson.fr\/wp-content\/plugins\/elementor\/assets\/images\/placeholder.png\" title=\"\" alt=\"\" loading=\"lazy\" \/>\t\t\t\t\t\t\t\t\t\t\t\t\t\t\t<\/div>\n\t\t\t\t<\/div>\n\t\t\t\t\t<\/div>\n\t\t<\/div>\n\t\t\t\t<div class=\"elementor-column elementor-col-50 elementor-top-column elementor-element elementor-element-64425732\" data-id=\"64425732\" data-element_type=\"column\" data-e-type=\"column\">\n\t\t\t<div class=\"elementor-widget-wrap elementor-element-populated\">\n\t\t\t\t\t\t<div class=\"elementor-element elementor-element-62105d3 elementor-widget elementor-widget-text-editor\" data-id=\"62105d3\" data-element_type=\"widget\" data-e-type=\"widget\" data-widget_type=\"text-editor.default\">\n\t\t\t\t<div class=\"elementor-widget-container\">\n\t\t\t\t\t\t\t\t\t<p>L&rsquo;apr\u00e8s-midi, les collectionneurs ont eu la possibilit\u00e9 de se rendre \u00e0 un terrain de franchissement situ\u00e9 sur la commune d&rsquo;H\u00e9ric, afin de s&rsquo;amuser avec leur v\u00e9hicule.&nbsp;<\/p>\n<p>Dans le m\u00eame temps, des expositions \u00e9taient faites sur le site du ch\u00e2teau pour les visiteurs, avec notamment un h\u00f4pital de campagne de l&rsquo;\u00e9poque ou encore le pont Bailey. Des d\u00e9monstrations de chars \u00e9taient effectu\u00e9es sur le terrain d&rsquo;\u00e9volution du site.<\/p>\t\t\t\t\t\t\t\t<\/div>\n\t\t\t\t<\/div>\n\t\t\t\t\t<\/div>\n\t\t<\/div>\n\t\t\t\t\t<\/div>\n\t\t<\/section>\n\t\t\t\t<section class=\"elementor-section elementor-top-section elementor-element elementor-element-166615f9 elementor-section-stretched elementor-section-boxed elementor-section-height-default elementor-section-height-default\" data-id=\"166615f9\" data-element_type=\"section\" data-e-type=\"section\" data-settings=\"{&quot;stretch_section&quot;:&quot;section-stretched&quot;,&quot;background_background&quot;:&quot;classic&quot;}\">\n\t\t\t\t\t\t<div class=\"elementor-container elementor-column-gap-default\">\n\t\t\t\t\t<div class=\"elementor-column elementor-col-50 elementor-top-column elementor-element elementor-element-6b624bb7\" data-id=\"6b624bb7\" data-element_type=\"column\" data-e-type=\"column\">\n\t\t\t<div class=\"elementor-widget-wrap elementor-element-populated\">\n\t\t\t\t\t\t<div class=\"elementor-element elementor-element-4752035 elementor-widget elementor-widget-text-editor\" data-id=\"4752035\" data-element_type=\"widget\" data-e-type=\"widget\" data-widget_type=\"text-editor.default\">\n\t\t\t\t<div class=\"elementor-widget-container\">\n\t\t\t\t\t\t\t\t\t<p>Lorem ipsum dolor sit amet, consectetur adipiscing elit. Ut elit tellus, luctus nec ullamcorper mattis, pulvinar dapibus leo.<\/p>\t\t\t\t\t\t\t\t<\/div>\n\t\t\t\t<\/div>\n\t\t\t\t\t<\/div>\n\t\t<\/div>\n\t\t\t\t<div class=\"elementor-column elementor-col-50 elementor-top-column elementor-element elementor-element-5c25ff49\" data-id=\"5c25ff49\" data-element_type=\"column\" data-e-type=\"column\">\n\t\t\t<div class=\"elementor-widget-wrap elementor-element-populated\">\n\t\t\t\t\t\t<div class=\"elementor-element elementor-element-7797f453 elementor-widget elementor-widget-image\" data-id=\"7797f453\" data-element_type=\"widget\" data-e-type=\"widget\" data-widget_type=\"image.default\">\n\t\t\t\t<div class=\"elementor-widget-container\">\n\t\t\t\t\t\t\t\t\t\t\t\t\t\t\t<img decoding=\"async\" src=\"https:\/\/campuscasson.fr\/wp-content\/plugins\/elementor\/assets\/images\/placeholder.png\" title=\"\" alt=\"\" loading=\"lazy\" \/>\t\t\t\t\t\t\t\t\t\t\t\t\t\t\t<\/div>\n\t\t\t\t<\/div>\n\t\t\t\t\t<\/div>\n\t\t<\/div>\n\t\t\t\t\t<\/div>\n\t\t<\/section>\n\t\t\t\t<\/div>\n\t\t","protected":false},"excerpt":{"rendered":"<p>Vendredi 10 Mai Cette troisi\u00e8me journ\u00e9e d&rsquo;\u00e9v\u00e9nement a d\u00e9but\u00e9 d\u00e8s 9H avec une balade \u00ab\u00a0off-road\u00a0\u00bb, en dehors des routes en fran\u00e7ais.&nbsp; Cette balade d&rsquo;un peu plus de 30kms a permis aux collectionneurs de d\u00e9couvrir les chemins cassonnais, \u00e0 bord de leur v\u00e9hicule de collection.&nbsp; Apr\u00e8s cette balade, collectionneurs et visiteurs se sont retrouv\u00e9s sur le [&hellip;]<\/p>\n","protected":false},"author":1,"featured_media":0,"parent":0,"menu_order":0,"comment_status":"closed","ping_status":"closed","template":"","meta":{"om_disable_all_campaigns":false,"ocean_post_layout":"","ocean_both_sidebars_style":"","ocean_both_sidebars_content_width":0,"ocean_both_sidebars_sidebars_width":0,"ocean_sidebar":"","ocean_second_sidebar":"","ocean_disable_margins":"enable","ocean_add_body_class":"","ocean_shortcode_before_top_bar":"","ocean_shortcode_after_top_bar":"","ocean_shortcode_before_header":"","ocean_shortcode_after_header":"","ocean_has_shortcode":"","ocean_shortcode_after_title":"","ocean_shortcode_before_footer_widgets":"","ocean_shortcode_after_footer_widgets":"","ocean_shortcode_before_footer_bottom":"","ocean_shortcode_after_footer_bottom":"","ocean_display_top_bar":"default","ocean_display_header":"default","ocean_header_style":"","ocean_center_header_left_menu":"","ocean_custom_header_template":"","ocean_custom_logo":0,"ocean_custom_retina_logo":0,"ocean_custom_logo_max_width":0,"ocean_custom_logo_tablet_max_width":0,"ocean_custom_logo_mobile_max_width":0,"ocean_custom_logo_max_height":0,"ocean_custom_logo_tablet_max_height":0,"ocean_custom_logo_mobile_max_height":0,"ocean_header_custom_menu":"","ocean_menu_typo_font_family":"","ocean_menu_typo_font_subset":"","ocean_menu_typo_font_size":0,"ocean_menu_typo_font_size_tablet":0,"ocean_menu_typo_font_size_mobile":0,"ocean_menu_typo_font_size_unit":"px","ocean_menu_typo_font_weight":"","ocean_menu_typo_font_weight_tablet":"","ocean_menu_typo_font_weight_mobile":"","ocean_menu_typo_transform":"","ocean_menu_typo_transform_tablet":"","ocean_menu_typo_transform_mobile":"","ocean_menu_typo_line_height":0,"ocean_menu_typo_line_height_tablet":0,"ocean_menu_typo_line_height_mobile":0,"ocean_menu_typo_line_height_unit":"","ocean_menu_typo_spacing":0,"ocean_menu_typo_spacing_tablet":0,"ocean_menu_typo_spacing_mobile":0,"ocean_menu_typo_spacing_unit":"","ocean_menu_link_color":"","ocean_menu_link_color_hover":"","ocean_menu_link_color_active":"","ocean_menu_link_background":"","ocean_menu_link_hover_background":"","ocean_menu_link_active_background":"","ocean_menu_social_links_bg":"","ocean_menu_social_hover_links_bg":"","ocean_menu_social_links_color":"","ocean_menu_social_hover_links_color":"","ocean_disable_title":"default","ocean_disable_heading":"default","ocean_post_title":"","ocean_post_subheading":"","ocean_post_title_style":"","ocean_post_title_background_color":"","ocean_post_title_background":0,"ocean_post_title_bg_image_position":"","ocean_post_title_bg_image_attachment":"","ocean_post_title_bg_image_repeat":"","ocean_post_title_bg_image_size":"","ocean_post_title_height":0,"ocean_post_title_bg_overlay":0.5,"ocean_post_title_bg_overlay_color":"","ocean_disable_breadcrumbs":"default","ocean_breadcrumbs_color":"","ocean_breadcrumbs_separator_color":"","ocean_breadcrumbs_links_color":"","ocean_breadcrumbs_links_hover_color":"","ocean_display_footer_widgets":"default","ocean_display_footer_bottom":"default","ocean_custom_footer_template":"","footnotes":""},"class_list":["post-2046","page","type-page","status-publish","hentry","entry"],"yoast_head":"<!-- This site is optimized with the Yoast SEO plugin v27.6 - https:\/\/yoast.com\/product\/yoast-seo-wordpress\/ -->\n<title>Vendredi 10 Mai - campuscasson.fr<\/title>\n<meta name=\"robots\" content=\"index, follow, max-snippet:-1, max-image-preview:large, max-video-preview:-1\" \/>\n<link rel=\"canonical\" href=\"https:\/\/campuscasson.fr\/?page_id=2046\" \/>\n<meta property=\"og:locale\" content=\"fr_FR\" \/>\n<meta property=\"og:type\" content=\"article\" \/>\n<meta property=\"og:title\" content=\"Vendredi 10 Mai - campuscasson.fr\" \/>\n<meta property=\"og:description\" content=\"Vendredi 10 Mai Cette troisi\u00e8me journ\u00e9e d&rsquo;\u00e9v\u00e9nement a d\u00e9but\u00e9 d\u00e8s 9H avec une balade \u00ab\u00a0off-road\u00a0\u00bb, en dehors des routes en fran\u00e7ais.&nbsp; Cette balade d&rsquo;un peu plus de 30kms a permis aux collectionneurs de d\u00e9couvrir les chemins cassonnais, \u00e0 bord de leur v\u00e9hicule de collection.&nbsp; Apr\u00e8s cette balade, collectionneurs et visiteurs se sont retrouv\u00e9s sur le [&hellip;]\" \/>\n<meta property=\"og:url\" content=\"https:\/\/campuscasson.fr\/?page_id=2046\" \/>\n<meta property=\"og:site_name\" content=\"campuscasson.fr\" \/>\n<meta property=\"article:modified_time\" content=\"2025-04-23T10:11:45+00:00\" \/>\n<meta property=\"og:image\" content=\"https:\/\/campuscasson.fr\/wp-content\/plugins\/elementor\/assets\/images\/placeholder.png\" \/>\n<meta name=\"twitter:card\" content=\"summary_large_image\" \/>\n<meta name=\"twitter:label1\" content=\"Dur\u00e9e de lecture estim\u00e9e\" \/>\n\t<meta name=\"twitter:data1\" content=\"2 minutes\" \/>\n<script type=\"application\/ld+json\" class=\"yoast-schema-graph\">{\"@context\":\"https:\\\/\\\/schema.org\",\"@graph\":[{\"@type\":\"WebPage\",\"@id\":\"https:\\\/\\\/campuscasson.fr\\\/?page_id=2046\",\"url\":\"https:\\\/\\\/campuscasson.fr\\\/?page_id=2046\",\"name\":\"Vendredi 10 Mai - campuscasson.fr\",\"isPartOf\":{\"@id\":\"https:\\\/\\\/campuscasson.fr\\\/#website\"},\"primaryImageOfPage\":{\"@id\":\"https:\\\/\\\/campuscasson.fr\\\/?page_id=2046#primaryimage\"},\"image\":{\"@id\":\"https:\\\/\\\/campuscasson.fr\\\/?page_id=2046#primaryimage\"},\"thumbnailUrl\":\"https:\\\/\\\/campuscasson.fr\\\/wp-content\\\/plugins\\\/elementor\\\/assets\\\/images\\\/placeholder.png\",\"datePublished\":\"2024-04-17T10:58:52+00:00\",\"dateModified\":\"2025-04-23T10:11:45+00:00\",\"breadcrumb\":{\"@id\":\"https:\\\/\\\/campuscasson.fr\\\/?page_id=2046#breadcrumb\"},\"inLanguage\":\"fr-FR\",\"potentialAction\":[{\"@type\":\"ReadAction\",\"target\":[\"https:\\\/\\\/campuscasson.fr\\\/?page_id=2046\"]}]},{\"@type\":\"ImageObject\",\"inLanguage\":\"fr-FR\",\"@id\":\"https:\\\/\\\/campuscasson.fr\\\/?page_id=2046#primaryimage\",\"url\":\"https:\\\/\\\/campuscasson.fr\\\/wp-content\\\/plugins\\\/elementor\\\/assets\\\/images\\\/placeholder.png\",\"contentUrl\":\"https:\\\/\\\/campuscasson.fr\\\/wp-content\\\/plugins\\\/elementor\\\/assets\\\/images\\\/placeholder.png\"},{\"@type\":\"BreadcrumbList\",\"@id\":\"https:\\\/\\\/campuscasson.fr\\\/?page_id=2046#breadcrumb\",\"itemListElement\":[{\"@type\":\"ListItem\",\"position\":1,\"name\":\"Accueil\",\"item\":\"https:\\\/\\\/campuscasson.fr\\\/\"},{\"@type\":\"ListItem\",\"position\":2,\"name\":\"Vendredi 10 Mai\"}]},{\"@type\":\"WebSite\",\"@id\":\"https:\\\/\\\/campuscasson.fr\\\/#website\",\"url\":\"https:\\\/\\\/campuscasson.fr\\\/\",\"name\":\"campuscasson.fr\",\"description\":\"| 8&gt; 11 mai 2024\",\"publisher\":{\"@id\":\"https:\\\/\\\/campuscasson.fr\\\/#organization\"},\"potentialAction\":[{\"@type\":\"SearchAction\",\"target\":{\"@type\":\"EntryPoint\",\"urlTemplate\":\"https:\\\/\\\/campuscasson.fr\\\/?s={search_term_string}\"},\"query-input\":{\"@type\":\"PropertyValueSpecification\",\"valueRequired\":true,\"valueName\":\"search_term_string\"}}],\"inLanguage\":\"fr-FR\"},{\"@type\":\"Organization\",\"@id\":\"https:\\\/\\\/campuscasson.fr\\\/#organization\",\"name\":\"campuscasson.fr\",\"url\":\"https:\\\/\\\/campuscasson.fr\\\/\",\"logo\":{\"@type\":\"ImageObject\",\"inLanguage\":\"fr-FR\",\"@id\":\"https:\\\/\\\/campuscasson.fr\\\/#\\\/schema\\\/logo\\\/image\\\/\",\"url\":\"https:\\\/\\\/campuscasson.fr\\\/wp-content\\\/uploads\\\/2023\\\/10\\\/cropped-Version_PVA-Detoure1.png\",\"contentUrl\":\"https:\\\/\\\/campuscasson.fr\\\/wp-content\\\/uploads\\\/2023\\\/10\\\/cropped-Version_PVA-Detoure1.png\",\"width\":408,\"height\":365,\"caption\":\"campuscasson.fr\"},\"image\":{\"@id\":\"https:\\\/\\\/campuscasson.fr\\\/#\\\/schema\\\/logo\\\/image\\\/\"}}]}<\/script>\n<!-- \/ Yoast SEO plugin. -->","yoast_head_json":{"title":"Vendredi 10 Mai - campuscasson.fr","robots":{"index":"index","follow":"follow","max-snippet":"max-snippet:-1","max-image-preview":"max-image-preview:large","max-video-preview":"max-video-preview:-1"},"canonical":"https:\/\/campuscasson.fr\/?page_id=2046","og_locale":"fr_FR","og_type":"article","og_title":"Vendredi 10 Mai - campuscasson.fr","og_description":"Vendredi 10 Mai Cette troisi\u00e8me journ\u00e9e d&rsquo;\u00e9v\u00e9nement a d\u00e9but\u00e9 d\u00e8s 9H avec une balade \u00ab\u00a0off-road\u00a0\u00bb, en dehors des routes en fran\u00e7ais.&nbsp; Cette balade d&rsquo;un peu plus de 30kms a permis aux collectionneurs de d\u00e9couvrir les chemins cassonnais, \u00e0 bord de leur v\u00e9hicule de collection.&nbsp; Apr\u00e8s cette balade, collectionneurs et visiteurs se sont retrouv\u00e9s sur le [&hellip;]","og_url":"https:\/\/campuscasson.fr\/?page_id=2046","og_site_name":"campuscasson.fr","article_modified_time":"2025-04-23T10:11:45+00:00","og_image":[{"url":"https:\/\/campuscasson.fr\/wp-content\/plugins\/elementor\/assets\/images\/placeholder.png","type":"","width":"","height":""}],"twitter_card":"summary_large_image","twitter_misc":{"Dur\u00e9e de lecture estim\u00e9e":"2 minutes"},"schema":{"@context":"https:\/\/schema.org","@graph":[{"@type":"WebPage","@id":"https:\/\/campuscasson.fr\/?page_id=2046","url":"https:\/\/campuscasson.fr\/?page_id=2046","name":"Vendredi 10 Mai - campuscasson.fr","isPartOf":{"@id":"https:\/\/campuscasson.fr\/#website"},"primaryImageOfPage":{"@id":"https:\/\/campuscasson.fr\/?page_id=2046#primaryimage"},"image":{"@id":"https:\/\/campuscasson.fr\/?page_id=2046#primaryimage"},"thumbnailUrl":"https:\/\/campuscasson.fr\/wp-content\/plugins\/elementor\/assets\/images\/placeholder.png","datePublished":"2024-04-17T10:58:52+00:00","dateModified":"2025-04-23T10:11:45+00:00","breadcrumb":{"@id":"https:\/\/campuscasson.fr\/?page_id=2046#breadcrumb"},"inLanguage":"fr-FR","potentialAction":[{"@type":"ReadAction","target":["https:\/\/campuscasson.fr\/?page_id=2046"]}]},{"@type":"ImageObject","inLanguage":"fr-FR","@id":"https:\/\/campuscasson.fr\/?page_id=2046#primaryimage","url":"https:\/\/campuscasson.fr\/wp-content\/plugins\/elementor\/assets\/images\/placeholder.png","contentUrl":"https:\/\/campuscasson.fr\/wp-content\/plugins\/elementor\/assets\/images\/placeholder.png"},{"@type":"BreadcrumbList","@id":"https:\/\/campuscasson.fr\/?page_id=2046#breadcrumb","itemListElement":[{"@type":"ListItem","position":1,"name":"Accueil","item":"https:\/\/campuscasson.fr\/"},{"@type":"ListItem","position":2,"name":"Vendredi 10 Mai"}]},{"@type":"WebSite","@id":"https:\/\/campuscasson.fr\/#website","url":"https:\/\/campuscasson.fr\/","name":"campuscasson.fr","description":"| 8&gt; 11 mai 2024","publisher":{"@id":"https:\/\/campuscasson.fr\/#organization"},"potentialAction":[{"@type":"SearchAction","target":{"@type":"EntryPoint","urlTemplate":"https:\/\/campuscasson.fr\/?s={search_term_string}"},"query-input":{"@type":"PropertyValueSpecification","valueRequired":true,"valueName":"search_term_string"}}],"inLanguage":"fr-FR"},{"@type":"Organization","@id":"https:\/\/campuscasson.fr\/#organization","name":"campuscasson.fr","url":"https:\/\/campuscasson.fr\/","logo":{"@type":"ImageObject","inLanguage":"fr-FR","@id":"https:\/\/campuscasson.fr\/#\/schema\/logo\/image\/","url":"https:\/\/campuscasson.fr\/wp-content\/uploads\/2023\/10\/cropped-Version_PVA-Detoure1.png","contentUrl":"https:\/\/campuscasson.fr\/wp-content\/uploads\/2023\/10\/cropped-Version_PVA-Detoure1.png","width":408,"height":365,"caption":"campuscasson.fr"},"image":{"@id":"https:\/\/campuscasson.fr\/#\/schema\/logo\/image\/"}}]}},"jetpack_sharing_enabled":true,"_links":{"self":[{"href":"https:\/\/campuscasson.fr\/index.php?rest_route=\/wp\/v2\/pages\/2046","targetHints":{"allow":["GET"]}}],"collection":[{"href":"https:\/\/campuscasson.fr\/index.php?rest_route=\/wp\/v2\/pages"}],"about":[{"href":"https:\/\/campuscasson.fr\/index.php?rest_route=\/wp\/v2\/types\/page"}],"author":[{"embeddable":true,"href":"https:\/\/campuscasson.fr\/index.php?rest_route=\/wp\/v2\/users\/1"}],"replies":[{"embeddable":true,"href":"https:\/\/campuscasson.fr\/index.php?rest_route=%2Fwp%2Fv2%2Fcomments&post=2046"}],"version-history":[{"count":7,"href":"https:\/\/campuscasson.fr\/index.php?rest_route=\/wp\/v2\/pages\/2046\/revisions"}],"predecessor-version":[{"id":2534,"href":"https:\/\/campuscasson.fr\/index.php?rest_route=\/wp\/v2\/pages\/2046\/revisions\/2534"}],"wp:attachment":[{"href":"https:\/\/campuscasson.fr\/index.php?rest_route=%2Fwp%2Fv2%2Fmedia&parent=2046"}],"curies":[{"name":"wp","href":"https:\/\/api.w.org\/{rel}","templated":true}]}}