{"id":2032,"date":"2024-04-17T12:55:48","date_gmt":"2024-04-17T10:55:48","guid":{"rendered":"https:\/\/campuscasson.fr\/?page_id=2032"},"modified":"2025-04-23T11:08:44","modified_gmt":"2025-04-23T09:08:44","slug":"jeudi-9-mai","status":"publish","type":"page","link":"https:\/\/campuscasson.fr\/?page_id=2032","title":{"rendered":"Jeudi 9 Mai"},"content":{"rendered":"<h2>Jeudi 9 Mai<\/h2>\n<figure><img decoding=\"async\" src=\"http:\/\/campuscasson.fr\/wp-content\/uploads\/2024\/07\/f7ee4fe334218133f40a6cc54cd8fe5e-768x512.jpeg\" alt=\"f7ee4fe334218133f40a6cc54cd8fe5e\" \/><\/figure>\n<figure><img decoding=\"async\" src=\"http:\/\/campuscasson.fr\/wp-content\/uploads\/2024\/07\/2b4a0cc2c8199e2bdf9c8abc003deefa-768x512.jpeg\" alt=\"2b4a0cc2c8199e2bdf9c8abc003deefa\" \/><\/figure>\n<figure><img decoding=\"async\" src=\"http:\/\/campuscasson.fr\/wp-content\/uploads\/2024\/07\/2b00452ed35ceccaa140eea7ff0efc1b-768x512.jpeg\" alt=\"2b00452ed35ceccaa140eea7ff0efc1b\" \/><\/figure>\n<figure><img decoding=\"async\" src=\"http:\/\/campuscasson.fr\/wp-content\/uploads\/2024\/07\/5e7ac038447a6a861a4ee432303c2bbb-768x512.jpeg\" alt=\"5e7ac038447a6a861a4ee432303c2bbb\" \/><\/figure>\n<figure><img decoding=\"async\" src=\"http:\/\/campuscasson.fr\/wp-content\/uploads\/2024\/07\/43bc7055c4f874dbcf896466a3e59600-768x512.jpeg\" alt=\"43bc7055c4f874dbcf896466a3e59600\" \/><\/figure>\n<figure><img decoding=\"async\" src=\"http:\/\/campuscasson.fr\/wp-content\/uploads\/2024\/07\/ba61d3c312d6546512cf9bcfd5564af9-768x512.jpeg\" alt=\"ba61d3c312d6546512cf9bcfd5564af9\" \/><\/figure>\n<figure><img decoding=\"async\" src=\"http:\/\/campuscasson.fr\/wp-content\/uploads\/2024\/07\/c2a34fce6822064ffbeabe5033bfb234-768x512.jpeg\" alt=\"c2a34fce6822064ffbeabe5033bfb234\" \/><\/figure>\n<figure><img decoding=\"async\" src=\"http:\/\/campuscasson.fr\/wp-content\/uploads\/2024\/07\/f7ac6c3e82e6557674d697631dd8e7bf-768x512.jpeg\" alt=\"f7ac6c3e82e6557674d697631dd8e7bf\" \/><\/figure>\n<figure><img decoding=\"async\" src=\"http:\/\/campuscasson.fr\/wp-content\/uploads\/2024\/07\/e264db0b371c4f46bd3c574ad40056d1-768x512.jpeg\" alt=\"e264db0b371c4f46bd3c574ad40056d1\" \/><\/figure>\n<figure><img decoding=\"async\" src=\"http:\/\/campuscasson.fr\/wp-content\/uploads\/2024\/07\/99a8dadb3023861833dd696a08fd983c-768x512.jpeg\" alt=\"99a8dadb3023861833dd696a08fd983c\" \/><\/figure>\n<figure><img decoding=\"async\" src=\"http:\/\/campuscasson.fr\/wp-content\/uploads\/2024\/07\/ceb3c5969bc58971ac551602847c3d9d-768x512.jpeg\" alt=\"ceb3c5969bc58971ac551602847c3d9d\" \/><\/figure>\n<figure><img decoding=\"async\" src=\"http:\/\/campuscasson.fr\/wp-content\/uploads\/2024\/07\/DJI_20240509105209_0074_D-768x432.jpg\" alt=\"default\" \/><\/figure>\n<figure><img decoding=\"async\" src=\"http:\/\/campuscasson.fr\/wp-content\/uploads\/2024\/07\/e975700f14924cdb919c7364f53948aa-768x512.jpeg\" alt=\"e975700f14924cdb919c7364f53948aa\" \/><\/figure>\n<figure><img decoding=\"async\" src=\"http:\/\/campuscasson.fr\/wp-content\/uploads\/2024\/07\/f882255320bbdb1959d9bafc1da13ec0-768x512.jpeg\" alt=\"f882255320bbdb1959d9bafc1da13ec0\" \/><\/figure>\n<figure><img decoding=\"async\" src=\"http:\/\/campuscasson.fr\/wp-content\/uploads\/2024\/07\/d2126fe92f5ba244b1875fff2152f08a-768x512.jpeg\" alt=\"d2126fe92f5ba244b1875fff2152f08a\" \/><\/figure>\n<figure><img decoding=\"async\" src=\"http:\/\/campuscasson.fr\/wp-content\/uploads\/2024\/07\/4511f98058911c6c772747dd029d5701-768x512.jpeg\" alt=\"4511f98058911c6c772747dd029d5701\" \/><\/figure>\n<figure><img decoding=\"async\" src=\"http:\/\/campuscasson.fr\/wp-content\/uploads\/2024\/07\/9ac532df11271889f25f01e3f2889bfd-768x512.jpeg\" alt=\"9ac532df11271889f25f01e3f2889bfd\" \/><\/figure>\n<figure><img decoding=\"async\" src=\"http:\/\/campuscasson.fr\/wp-content\/uploads\/2024\/07\/ddc398566e4e26c2096aaf3583d590b7-768x512.jpeg\" alt=\"ddc398566e4e26c2096aaf3583d590b7\" \/><\/figure>\n<figure><img decoding=\"async\" src=\"http:\/\/campuscasson.fr\/wp-content\/uploads\/2024\/07\/d4719036dac18854cd0a7733088bac75-768x512.jpeg\" alt=\"d4719036dac18854cd0a7733088bac75\" \/><\/figure>\n<figure><img decoding=\"async\" src=\"http:\/\/campuscasson.fr\/wp-content\/uploads\/2024\/07\/DJI_20240509115824_0126_D-768x432.jpg\" alt=\"default\" \/><\/figure>\n<h2>\u00a9 Sandphotography &amp; \u00a9 tonyboy_fpv<\/h2>\n<p>Pour cette deuxi\u00e8me journ\u00e9e, les participants ont pris la route en direction de la ville de Suc\u00e9-sur-Erdre et du Manoir de la Ch\u00e2taigneraie (\u00e0 environ 15 kms du ch\u00e2teau du Plessis).<\/p>\n<p>C&rsquo;\u00e9tait l&rsquo;occasion pour les spectateurs, d&rsquo;admirer les v\u00e9hicules amphibies aussi bien sur la terre que dans l&rsquo;eau. L&rsquo;ensemble des v\u00e9hicules sont rest\u00e9s ensuite toute la matin\u00e9e sur le site du Manoir.\u00a0<\/p>\n<p>Pour les participants, une d\u00e9gustation des produits du domaine de Vincent Guerlais leur \u00e9tait propos\u00e9e.\u00a0<\/p>\n<p>De retour sur le site du ch\u00e2teau, des d\u00e9monstrations de v\u00e9hicules, des reconstitutions d&rsquo;unit\u00e9s et des situations types de conflits, animaient l&rsquo;apr\u00e8s-midi, permettant aux spectateurs de se replonger encore un peu plus dans l&rsquo;histoire de cette seconde guerre mondiale.\u00a0<\/p>\n<figure><img decoding=\"async\" src=\"http:\/\/campuscasson.fr\/wp-content\/uploads\/2024\/07\/0d8ef58e48349231ec739e877e44c3dd-768x512.jpeg\" alt=\"0d8ef58e48349231ec739e877e44c3dd\" \/><\/figure>\n<figure><img decoding=\"async\" src=\"http:\/\/campuscasson.fr\/wp-content\/uploads\/2024\/07\/f6ce77c4a3d2dc01f3c19885472e8971-768x512.jpeg\" alt=\"f6ce77c4a3d2dc01f3c19885472e8971\" \/><\/figure>\n<figure><img decoding=\"async\" src=\"http:\/\/campuscasson.fr\/wp-content\/uploads\/2024\/07\/5d0efa34608f0a833512047f7c168fdf-768x512.jpeg\" alt=\"5d0efa34608f0a833512047f7c168fdf\" \/><\/figure>\n<figure><img decoding=\"async\" src=\"http:\/\/campuscasson.fr\/wp-content\/uploads\/2024\/07\/0bae1dcf2c466d06834bf088042a0ff0-768x512.jpeg\" alt=\"0bae1dcf2c466d06834bf088042a0ff0\" \/><\/figure>\n<figure><img decoding=\"async\" src=\"http:\/\/campuscasson.fr\/wp-content\/uploads\/2024\/07\/02e5e696da341763dd9f077ecd8860de-768x512.jpeg\" alt=\"02e5e696da341763dd9f077ecd8860de\" \/><\/figure>\n<figure><img decoding=\"async\" src=\"http:\/\/campuscasson.fr\/wp-content\/uploads\/2024\/07\/8efaf863ffcb945f2f485a18bb21434a-768x512.jpeg\" alt=\"8efaf863ffcb945f2f485a18bb21434a\" \/><\/figure>\n<figure><img decoding=\"async\" src=\"http:\/\/campuscasson.fr\/wp-content\/uploads\/2024\/07\/50fac9cb7058fd6fcade70a4122fb761-768x512.jpeg\" alt=\"50fac9cb7058fd6fcade70a4122fb761\" \/><\/figure>\n<figure><img decoding=\"async\" src=\"http:\/\/campuscasson.fr\/wp-content\/uploads\/2024\/07\/5354a7132244a513c806b6b7be12b1f3-768x512.jpeg\" alt=\"5354a7132244a513c806b6b7be12b1f3\" \/><\/figure>\n<figure><img decoding=\"async\" src=\"http:\/\/campuscasson.fr\/wp-content\/uploads\/2024\/07\/d8f164a4e399ffcbb850371095dd013f-768x512.jpeg\" alt=\"d8f164a4e399ffcbb850371095dd013f\" \/><\/figure>\n<figure><img decoding=\"async\" src=\"http:\/\/campuscasson.fr\/wp-content\/uploads\/2024\/07\/f3c497eddbc42bfef39ecea7cc70db61-768x512.jpeg\" alt=\"f3c497eddbc42bfef39ecea7cc70db61\" \/><\/figure>\n<figure><img decoding=\"async\" src=\"http:\/\/campuscasson.fr\/wp-content\/uploads\/2024\/07\/f869d2c59aa69dfa39b07809075ff5bb-768x512.jpeg\" alt=\"f869d2c59aa69dfa39b07809075ff5bb\" \/><\/figure>\n<h2>\u00a9 Sandphotography<\/h2>\n<figure><img decoding=\"async\" src=\"http:\/\/campuscasson.fr\/wp-content\/uploads\/2024\/07\/8b4c04c18afaad2b970630af757bf2b7-768x512.jpeg\" alt=\"8b4c04c18afaad2b970630af757bf2b7\" \/><\/figure>\n<figure><img decoding=\"async\" src=\"http:\/\/campuscasson.fr\/wp-content\/uploads\/2024\/07\/a31c5d2ef2a6b420b8ec1479d3ec15f1-768x512.jpeg\" alt=\"a31c5d2ef2a6b420b8ec1479d3ec15f1\" \/><\/figure>\n<figure><img decoding=\"async\" src=\"http:\/\/campuscasson.fr\/wp-content\/uploads\/2024\/07\/ad369cad85d3f8f77c290015a25d9a46-768x512.jpeg\" alt=\"ad369cad85d3f8f77c290015a25d9a46\" \/><\/figure>\n<figure><img decoding=\"async\" src=\"http:\/\/campuscasson.fr\/wp-content\/uploads\/2024\/07\/bfde965301c94c7d7368bcb94fe161b8-768x512.jpeg\" alt=\"bfde965301c94c7d7368bcb94fe161b8\" \/><\/figure>\n<figure><img decoding=\"async\" src=\"http:\/\/campuscasson.fr\/wp-content\/uploads\/2024\/07\/ec53675df088d0730e8d9fb9ed2f21d2-768x512.jpeg\" alt=\"ec53675df088d0730e8d9fb9ed2f21d2\" \/><\/figure>\n<figure><img decoding=\"async\" src=\"http:\/\/campuscasson.fr\/wp-content\/uploads\/2024\/07\/UScamp24-74-768x511.jpg\" alt=\"WESTPICTAIR_PHOTO\" \/><\/figure>\n<figure><img decoding=\"async\" src=\"http:\/\/campuscasson.fr\/wp-content\/uploads\/2024\/07\/UScamp24-76-768x511.jpg\" alt=\"WESTPICTAIR_PHOTO\" \/><\/figure>\n<figure><img decoding=\"async\" src=\"http:\/\/campuscasson.fr\/wp-content\/uploads\/2024\/07\/UScamp24-77-768x509.jpg\" alt=\"UScamp24-77\" \/><\/figure>\n<figure><img decoding=\"async\" src=\"http:\/\/campuscasson.fr\/wp-content\/uploads\/2024\/07\/UScamp24-79-768x511.jpg\" alt=\"WESTPICTAIR_PHOTO\" \/><\/figure>\n<figure><img decoding=\"async\" src=\"http:\/\/campuscasson.fr\/wp-content\/uploads\/2024\/07\/UScamp24-82-768x511.jpg\" alt=\"WESTPICTAIR_PHOTO\" \/><\/figure>\n<figure><img decoding=\"async\" src=\"http:\/\/campuscasson.fr\/wp-content\/uploads\/2024\/07\/UScamp24-83-768x509.jpg\" alt=\"UScamp24-83\" \/><\/figure>\n<h2>\u00a9 Sandphotography &amp; \u00a9 Westpictair photo<\/h2>\n<p>Afin de cl\u00f4turer cette deuxi\u00e8me journ\u00e9e en beaut\u00e9, quoi de mieux qu&rsquo;un peu de musique ?\u00a0<\/p>\n<p>Lors de cette soir\u00e9e, les Maquisards du Pont du Theil ainsi que les BogZH Celtics cats ont anim\u00e9s le public en proposant une soir\u00e9e Celtique, au coeur de la culture bretonne locale !\u00a0<\/p>\n","protected":false},"excerpt":{"rendered":"<p>Jeudi 9 Mai \u00a9 Sandphotography &amp; \u00a9 tonyboy_fpv Pour cette deuxi\u00e8me journ\u00e9e, les participants ont pris la route en direction de la ville de Suc\u00e9-sur-Erdre et du Manoir de la Ch\u00e2taigneraie (\u00e0 environ 15 kms du ch\u00e2teau du Plessis). C&rsquo;\u00e9tait l&rsquo;occasion pour les spectateurs, d&rsquo;admirer les v\u00e9hicules amphibies aussi bien sur la terre que dans [&hellip;]<\/p>\n","protected":false},"author":1,"featured_media":0,"parent":0,"menu_order":0,"comment_status":"closed","ping_status":"closed","template":"","meta":{"om_disable_all_campaigns":false,"ocean_post_layout":"","ocean_both_sidebars_style":"","ocean_both_sidebars_content_width":0,"ocean_both_sidebars_sidebars_width":0,"ocean_sidebar":"","ocean_second_sidebar":"","ocean_disable_margins":"enable","ocean_add_body_class":"","ocean_shortcode_before_top_bar":"","ocean_shortcode_after_top_bar":"","ocean_shortcode_before_header":"","ocean_shortcode_after_header":"","ocean_has_shortcode":"","ocean_shortcode_after_title":"","ocean_shortcode_before_footer_widgets":"","ocean_shortcode_after_footer_widgets":"","ocean_shortcode_before_footer_bottom":"","ocean_shortcode_after_footer_bottom":"","ocean_display_top_bar":"default","ocean_display_header":"default","ocean_header_style":"","ocean_center_header_left_menu":"","ocean_custom_header_template":"","ocean_custom_logo":0,"ocean_custom_retina_logo":0,"ocean_custom_logo_max_width":0,"ocean_custom_logo_tablet_max_width":0,"ocean_custom_logo_mobile_max_width":0,"ocean_custom_logo_max_height":0,"ocean_custom_logo_tablet_max_height":0,"ocean_custom_logo_mobile_max_height":0,"ocean_header_custom_menu":"","ocean_menu_typo_font_family":"","ocean_menu_typo_font_subset":"","ocean_menu_typo_font_size":0,"ocean_menu_typo_font_size_tablet":0,"ocean_menu_typo_font_size_mobile":0,"ocean_menu_typo_font_size_unit":"px","ocean_menu_typo_font_weight":"","ocean_menu_typo_font_weight_tablet":"","ocean_menu_typo_font_weight_mobile":"","ocean_menu_typo_transform":"","ocean_menu_typo_transform_tablet":"","ocean_menu_typo_transform_mobile":"","ocean_menu_typo_line_height":0,"ocean_menu_typo_line_height_tablet":0,"ocean_menu_typo_line_height_mobile":0,"ocean_menu_typo_line_height_unit":"","ocean_menu_typo_spacing":0,"ocean_menu_typo_spacing_tablet":0,"ocean_menu_typo_spacing_mobile":0,"ocean_menu_typo_spacing_unit":"","ocean_menu_link_color":"","ocean_menu_link_color_hover":"","ocean_menu_link_color_active":"","ocean_menu_link_background":"","ocean_menu_link_hover_background":"","ocean_menu_link_active_background":"","ocean_menu_social_links_bg":"","ocean_menu_social_hover_links_bg":"","ocean_menu_social_links_color":"","ocean_menu_social_hover_links_color":"","ocean_disable_title":"default","ocean_disable_heading":"default","ocean_post_title":"","ocean_post_subheading":"","ocean_post_title_style":"","ocean_post_title_background_color":"","ocean_post_title_background":0,"ocean_post_title_bg_image_position":"","ocean_post_title_bg_image_attachment":"","ocean_post_title_bg_image_repeat":"","ocean_post_title_bg_image_size":"","ocean_post_title_height":0,"ocean_post_title_bg_overlay":0.5,"ocean_post_title_bg_overlay_color":"","ocean_disable_breadcrumbs":"default","ocean_breadcrumbs_color":"","ocean_breadcrumbs_separator_color":"","ocean_breadcrumbs_links_color":"","ocean_breadcrumbs_links_hover_color":"","ocean_display_footer_widgets":"default","ocean_display_footer_bottom":"default","ocean_custom_footer_template":"","footnotes":""},"class_list":["post-2032","page","type-page","status-publish","hentry","entry"],"yoast_head":"<!-- This site is optimized with the Yoast SEO plugin v27.6 - https:\/\/yoast.com\/product\/yoast-seo-wordpress\/ -->\n<title>Jeudi 9 Mai - campuscasson.fr<\/title>\n<meta name=\"robots\" content=\"index, follow, max-snippet:-1, max-image-preview:large, max-video-preview:-1\" \/>\n<link rel=\"canonical\" href=\"https:\/\/campuscasson.fr\/?page_id=2032\" \/>\n<meta property=\"og:locale\" content=\"fr_FR\" \/>\n<meta property=\"og:type\" content=\"article\" \/>\n<meta property=\"og:title\" content=\"Jeudi 9 Mai - campuscasson.fr\" \/>\n<meta property=\"og:description\" content=\"Jeudi 9 Mai \u00a9 Sandphotography &amp; \u00a9 tonyboy_fpv Pour cette deuxi\u00e8me journ\u00e9e, les participants ont pris la route en direction de la ville de Suc\u00e9-sur-Erdre et du Manoir de la Ch\u00e2taigneraie (\u00e0 environ 15 kms du ch\u00e2teau du Plessis). C&rsquo;\u00e9tait l&rsquo;occasion pour les spectateurs, d&rsquo;admirer les v\u00e9hicules amphibies aussi bien sur la terre que dans [&hellip;]\" \/>\n<meta property=\"og:url\" content=\"https:\/\/campuscasson.fr\/?page_id=2032\" \/>\n<meta property=\"og:site_name\" content=\"campuscasson.fr\" \/>\n<meta property=\"article:modified_time\" content=\"2025-04-23T09:08:44+00:00\" \/>\n<meta property=\"og:image\" content=\"http:\/\/campuscasson.fr\/wp-content\/uploads\/2024\/07\/f7ee4fe334218133f40a6cc54cd8fe5e-768x512.jpeg\" \/>\n<meta name=\"twitter:card\" content=\"summary_large_image\" \/>\n<meta name=\"twitter:label1\" content=\"Dur\u00e9e de lecture estim\u00e9e\" \/>\n\t<meta name=\"twitter:data1\" content=\"10 minutes\" \/>\n<script type=\"application\/ld+json\" class=\"yoast-schema-graph\">{\"@context\":\"https:\\\/\\\/schema.org\",\"@graph\":[{\"@type\":\"WebPage\",\"@id\":\"https:\\\/\\\/campuscasson.fr\\\/?page_id=2032\",\"url\":\"https:\\\/\\\/campuscasson.fr\\\/?page_id=2032\",\"name\":\"Jeudi 9 Mai - campuscasson.fr\",\"isPartOf\":{\"@id\":\"https:\\\/\\\/campuscasson.fr\\\/#website\"},\"primaryImageOfPage\":{\"@id\":\"https:\\\/\\\/campuscasson.fr\\\/?page_id=2032#primaryimage\"},\"image\":{\"@id\":\"https:\\\/\\\/campuscasson.fr\\\/?page_id=2032#primaryimage\"},\"thumbnailUrl\":\"http:\\\/\\\/campuscasson.fr\\\/wp-content\\\/uploads\\\/2024\\\/07\\\/f7ee4fe334218133f40a6cc54cd8fe5e-768x512.jpeg\",\"datePublished\":\"2024-04-17T10:55:48+00:00\",\"dateModified\":\"2025-04-23T09:08:44+00:00\",\"breadcrumb\":{\"@id\":\"https:\\\/\\\/campuscasson.fr\\\/?page_id=2032#breadcrumb\"},\"inLanguage\":\"fr-FR\",\"potentialAction\":[{\"@type\":\"ReadAction\",\"target\":[\"https:\\\/\\\/campuscasson.fr\\\/?page_id=2032\"]}]},{\"@type\":\"ImageObject\",\"inLanguage\":\"fr-FR\",\"@id\":\"https:\\\/\\\/campuscasson.fr\\\/?page_id=2032#primaryimage\",\"url\":\"http:\\\/\\\/campuscasson.fr\\\/wp-content\\\/uploads\\\/2024\\\/07\\\/f7ee4fe334218133f40a6cc54cd8fe5e-768x512.jpeg\",\"contentUrl\":\"http:\\\/\\\/campuscasson.fr\\\/wp-content\\\/uploads\\\/2024\\\/07\\\/f7ee4fe334218133f40a6cc54cd8fe5e-768x512.jpeg\"},{\"@type\":\"BreadcrumbList\",\"@id\":\"https:\\\/\\\/campuscasson.fr\\\/?page_id=2032#breadcrumb\",\"itemListElement\":[{\"@type\":\"ListItem\",\"position\":1,\"name\":\"Accueil\",\"item\":\"https:\\\/\\\/campuscasson.fr\\\/\"},{\"@type\":\"ListItem\",\"position\":2,\"name\":\"Jeudi 9 Mai\"}]},{\"@type\":\"WebSite\",\"@id\":\"https:\\\/\\\/campuscasson.fr\\\/#website\",\"url\":\"https:\\\/\\\/campuscasson.fr\\\/\",\"name\":\"campuscasson.fr\",\"description\":\"| 8&gt; 11 mai 2024\",\"publisher\":{\"@id\":\"https:\\\/\\\/campuscasson.fr\\\/#organization\"},\"potentialAction\":[{\"@type\":\"SearchAction\",\"target\":{\"@type\":\"EntryPoint\",\"urlTemplate\":\"https:\\\/\\\/campuscasson.fr\\\/?s={search_term_string}\"},\"query-input\":{\"@type\":\"PropertyValueSpecification\",\"valueRequired\":true,\"valueName\":\"search_term_string\"}}],\"inLanguage\":\"fr-FR\"},{\"@type\":\"Organization\",\"@id\":\"https:\\\/\\\/campuscasson.fr\\\/#organization\",\"name\":\"campuscasson.fr\",\"url\":\"https:\\\/\\\/campuscasson.fr\\\/\",\"logo\":{\"@type\":\"ImageObject\",\"inLanguage\":\"fr-FR\",\"@id\":\"https:\\\/\\\/campuscasson.fr\\\/#\\\/schema\\\/logo\\\/image\\\/\",\"url\":\"https:\\\/\\\/campuscasson.fr\\\/wp-content\\\/uploads\\\/2023\\\/10\\\/cropped-Version_PVA-Detoure1.png\",\"contentUrl\":\"https:\\\/\\\/campuscasson.fr\\\/wp-content\\\/uploads\\\/2023\\\/10\\\/cropped-Version_PVA-Detoure1.png\",\"width\":408,\"height\":365,\"caption\":\"campuscasson.fr\"},\"image\":{\"@id\":\"https:\\\/\\\/campuscasson.fr\\\/#\\\/schema\\\/logo\\\/image\\\/\"}}]}<\/script>\n<!-- \/ Yoast SEO plugin. -->","yoast_head_json":{"title":"Jeudi 9 Mai - campuscasson.fr","robots":{"index":"index","follow":"follow","max-snippet":"max-snippet:-1","max-image-preview":"max-image-preview:large","max-video-preview":"max-video-preview:-1"},"canonical":"https:\/\/campuscasson.fr\/?page_id=2032","og_locale":"fr_FR","og_type":"article","og_title":"Jeudi 9 Mai - campuscasson.fr","og_description":"Jeudi 9 Mai \u00a9 Sandphotography &amp; \u00a9 tonyboy_fpv Pour cette deuxi\u00e8me journ\u00e9e, les participants ont pris la route en direction de la ville de Suc\u00e9-sur-Erdre et du Manoir de la Ch\u00e2taigneraie (\u00e0 environ 15 kms du ch\u00e2teau du Plessis). C&rsquo;\u00e9tait l&rsquo;occasion pour les spectateurs, d&rsquo;admirer les v\u00e9hicules amphibies aussi bien sur la terre que dans [&hellip;]","og_url":"https:\/\/campuscasson.fr\/?page_id=2032","og_site_name":"campuscasson.fr","article_modified_time":"2025-04-23T09:08:44+00:00","og_image":[{"url":"http:\/\/campuscasson.fr\/wp-content\/uploads\/2024\/07\/f7ee4fe334218133f40a6cc54cd8fe5e-768x512.jpeg","type":"","width":"","height":""}],"twitter_card":"summary_large_image","twitter_misc":{"Dur\u00e9e de lecture estim\u00e9e":"10 minutes"},"schema":{"@context":"https:\/\/schema.org","@graph":[{"@type":"WebPage","@id":"https:\/\/campuscasson.fr\/?page_id=2032","url":"https:\/\/campuscasson.fr\/?page_id=2032","name":"Jeudi 9 Mai - campuscasson.fr","isPartOf":{"@id":"https:\/\/campuscasson.fr\/#website"},"primaryImageOfPage":{"@id":"https:\/\/campuscasson.fr\/?page_id=2032#primaryimage"},"image":{"@id":"https:\/\/campuscasson.fr\/?page_id=2032#primaryimage"},"thumbnailUrl":"http:\/\/campuscasson.fr\/wp-content\/uploads\/2024\/07\/f7ee4fe334218133f40a6cc54cd8fe5e-768x512.jpeg","datePublished":"2024-04-17T10:55:48+00:00","dateModified":"2025-04-23T09:08:44+00:00","breadcrumb":{"@id":"https:\/\/campuscasson.fr\/?page_id=2032#breadcrumb"},"inLanguage":"fr-FR","potentialAction":[{"@type":"ReadAction","target":["https:\/\/campuscasson.fr\/?page_id=2032"]}]},{"@type":"ImageObject","inLanguage":"fr-FR","@id":"https:\/\/campuscasson.fr\/?page_id=2032#primaryimage","url":"http:\/\/campuscasson.fr\/wp-content\/uploads\/2024\/07\/f7ee4fe334218133f40a6cc54cd8fe5e-768x512.jpeg","contentUrl":"http:\/\/campuscasson.fr\/wp-content\/uploads\/2024\/07\/f7ee4fe334218133f40a6cc54cd8fe5e-768x512.jpeg"},{"@type":"BreadcrumbList","@id":"https:\/\/campuscasson.fr\/?page_id=2032#breadcrumb","itemListElement":[{"@type":"ListItem","position":1,"name":"Accueil","item":"https:\/\/campuscasson.fr\/"},{"@type":"ListItem","position":2,"name":"Jeudi 9 Mai"}]},{"@type":"WebSite","@id":"https:\/\/campuscasson.fr\/#website","url":"https:\/\/campuscasson.fr\/","name":"campuscasson.fr","description":"| 8&gt; 11 mai 2024","publisher":{"@id":"https:\/\/campuscasson.fr\/#organization"},"potentialAction":[{"@type":"SearchAction","target":{"@type":"EntryPoint","urlTemplate":"https:\/\/campuscasson.fr\/?s={search_term_string}"},"query-input":{"@type":"PropertyValueSpecification","valueRequired":true,"valueName":"search_term_string"}}],"inLanguage":"fr-FR"},{"@type":"Organization","@id":"https:\/\/campuscasson.fr\/#organization","name":"campuscasson.fr","url":"https:\/\/campuscasson.fr\/","logo":{"@type":"ImageObject","inLanguage":"fr-FR","@id":"https:\/\/campuscasson.fr\/#\/schema\/logo\/image\/","url":"https:\/\/campuscasson.fr\/wp-content\/uploads\/2023\/10\/cropped-Version_PVA-Detoure1.png","contentUrl":"https:\/\/campuscasson.fr\/wp-content\/uploads\/2023\/10\/cropped-Version_PVA-Detoure1.png","width":408,"height":365,"caption":"campuscasson.fr"},"image":{"@id":"https:\/\/campuscasson.fr\/#\/schema\/logo\/image\/"}}]}},"jetpack_sharing_enabled":true,"_links":{"self":[{"href":"https:\/\/campuscasson.fr\/index.php?rest_route=\/wp\/v2\/pages\/2032","targetHints":{"allow":["GET"]}}],"collection":[{"href":"https:\/\/campuscasson.fr\/index.php?rest_route=\/wp\/v2\/pages"}],"about":[{"href":"https:\/\/campuscasson.fr\/index.php?rest_route=\/wp\/v2\/types\/page"}],"author":[{"embeddable":true,"href":"https:\/\/campuscasson.fr\/index.php?rest_route=\/wp\/v2\/users\/1"}],"replies":[{"embeddable":true,"href":"https:\/\/campuscasson.fr\/index.php?rest_route=%2Fwp%2Fv2%2Fcomments&post=2032"}],"version-history":[{"count":13,"href":"https:\/\/campuscasson.fr\/index.php?rest_route=\/wp\/v2\/pages\/2032\/revisions"}],"predecessor-version":[{"id":2529,"href":"https:\/\/campuscasson.fr\/index.php?rest_route=\/wp\/v2\/pages\/2032\/revisions\/2529"}],"wp:attachment":[{"href":"https:\/\/campuscasson.fr\/index.php?rest_route=%2Fwp%2Fv2%2Fmedia&parent=2032"}],"curies":[{"name":"wp","href":"https:\/\/api.w.org\/{rel}","templated":true}]}}